{"id":148,"date":"2020-03-26T01:54:11","date_gmt":"2020-03-26T01:54:11","guid":{"rendered":"https:\/\/demosites.io\/rokophoto-gb\/?page_id=148"},"modified":"2025-08-11T11:55:30","modified_gmt":"2025-08-11T14:55:30","slug":"98ee9-contact","status":"publish","type":"page","link":"https:\/\/ramonlanus.com\/index.php\/98ee9-contact\/","title":{"rendered":"SUMATE"},"content":{"rendered":"\n<div id=\"wp-block-themeisle-blocks-advanced-columns-d4934908\" class=\"wp-block-themeisle-blocks-advanced-columns alignfull has-1-columns has-desktop-equal-layout has-tablet-equal-layout has-mobile-equal-layout has-vertical-unset has-light-bg\"><div class=\"wp-block-themeisle-blocks-advanced-columns-overlay\"><\/div><div class=\"innerblocks-wrap\">\n<div id=\"wp-block-themeisle-blocks-advanced-column-503e44cc\" class=\"wp-block-themeisle-blocks-advanced-column\">\n<h1 class=\"wp-block-heading has-text-align-center has-nv-site-bg-color has-text-color\">SUMATE AL EQUIPO DE RAM\u00d3N LAN\u00daS Y PANA \u00c1LVAREZ EN SAN ISIDRO<\/h1>\n<\/div>\n<\/div><\/div>\n\n\n\n<div id=\"wp-block-themeisle-blocks-advanced-columns-6316aa23\" class=\"wp-block-themeisle-blocks-advanced-columns alignfull has-1-columns has-desktop-equal-layout has-tablet-equal-layout has-mobile-collapsedRows-layout has-vertical-unset has-light-bg\"><div class=\"wp-block-themeisle-blocks-advanced-columns-overlay\"><\/div><div class=\"innerblocks-wrap\">\n<div id=\"wp-block-themeisle-blocks-advanced-column-cc8f6b2b\" class=\"wp-block-themeisle-blocks-advanced-column\">\n<h3 class=\"wp-block-heading has-text-align-center has-text-color\" style=\"color:#1f1f1f\">EQUIPO DE VOLUNTARIOS<\/h3>\n\n\n\n<p class=\"has-text-align-center\">\ud83d\uddd3Este 7 de septiembre en San Isidro elegimos concejales y senadores provinciales.\ud83d\uddf3<br>Es el momento de profundizar el cambio y defender la LIBERTAD frente al kirchnerismo.<\/p>\n\n\n\n<p class=\"has-text-align-center\">\ud83d\udcaa Sumate al equipo de Ram\u00f3n Lan\u00fas completando este formulario.<\/p>\n\n\n\n<div id=\"wp-block-themeisle-blocks-button-group-dc1a8b30\" class=\"wp-block-themeisle-blocks-button-group wp-block-buttons align-center-desktop\">\n<div id=\"wp-block-themeisle-blocks-button-93754bb1\" class=\"wp-block-themeisle-blocks-button wp-block-button\"><a href=\"https:\/\/forms.gle\/8y2CSHQH6u6mHUy56\" target=\"_blank\" rel=\"noopener noreferrer\" class=\"wp-block-button__link\"><span>Sumate<\/span><\/a><\/div>\n<\/div>\n<\/div>\n<\/div><\/div>\n\n\n\n<figure class=\"wp-block-image alignwide size-large\"><img decoding=\"async\" loading=\"lazy\" width=\"1024\" height=\"447\" src=\"https:\/\/ramonlanus.com\/wp-content\/uploads\/2025\/08\/Pana-y-Ramon-con-vecinos-3-1024x447.png\" alt=\"\" class=\"wp-image-592\" srcset=\"https:\/\/ramonlanus.com\/wp-content\/uploads\/2025\/08\/Pana-y-Ramon-con-vecinos-3-1024x447.png 1024w, https:\/\/ramonlanus.com\/wp-content\/uploads\/2025\/08\/Pana-y-Ramon-con-vecinos-3-300x131.png 300w, https:\/\/ramonlanus.com\/wp-content\/uploads\/2025\/08\/Pana-y-Ramon-con-vecinos-3-768x335.png 768w, https:\/\/ramonlanus.com\/wp-content\/uploads\/2025\/08\/Pana-y-Ramon-con-vecinos-3-1536x671.png 1536w, https:\/\/ramonlanus.com\/wp-content\/uploads\/2025\/08\/Pana-y-Ramon-con-vecinos-3-2048x894.png 2048w\" sizes=\"(max-width: 1024px) 100vw, 1024px\" \/><\/figure>\n\n\n\n<div id=\"wp-block-themeisle-blocks-advanced-columns-bc1d3ee5\" class=\"wp-block-themeisle-blocks-advanced-columns alignfull has-1-columns has-desktop-equal-layout has-tablet-equal-layout has-mobile-equal-layout has-vertical-unset has-dark-bg\"><div class=\"wp-block-themeisle-blocks-advanced-columns-overlay\"><\/div><div class=\"innerblocks-wrap\">\n<div id=\"wp-block-themeisle-blocks-advanced-column-84f061c4\" class=\"wp-block-themeisle-blocks-advanced-column\">\n<div id=\"wp-block-themeisle-blocks-button-group-9eb993b9\" class=\"wp-block-themeisle-blocks-button-group wp-block-buttons align-center-desktop\">\n<div id=\"wp-block-themeisle-blocks-button-7e1c0bce\" class=\"wp-block-themeisle-blocks-button wp-block-button\"><a href=\"https:\/\/www.instagram.com\/ramonlanus\/\" target=\"_blank\" rel=\"noopener noreferrer\" class=\"wp-block-button__link\"><i class=\"fab fa-fw fa-instagram\"><\/i><\/a><\/div>\n\n\n\n<div id=\"wp-block-themeisle-blocks-button-15428031\" class=\"wp-block-themeisle-blocks-button wp-block-button\"><a href=\"https:\/\/www.facebook.com\/LanusRamon\/\" target=\"_blank\" rel=\"noopener noreferrer\" class=\"wp-block-button__link\"><i class=\"fab fa-fw fa-facebook-f\"><\/i><\/a><\/div>\n\n\n\n<div id=\"wp-block-themeisle-blocks-button-5a77f0a9\" class=\"wp-block-themeisle-blocks-button wp-block-button\"><a href=\"https:\/\/twitter.com\/RamonLanus\" target=\"_blank\" rel=\"noopener noreferrer\" class=\"wp-block-button__link\"><i class=\"fab fa-fw fa-twitter\"><\/i><\/a><\/div>\n\n\n\n<div id=\"wp-block-themeisle-blocks-button-8a7f3e04\" class=\"wp-block-themeisle-blocks-button wp-block-button\"><a href=\"https:\/\/www.linkedin.com\/in\/ramonlanus\/?original_referer=https%3A%2F%2Framonlanus.com.ar%2F\" target=\"_blank\" rel=\"noopener noreferrer\" class=\"wp-block-button__link\"><i class=\"fab fa-fw fa-linkedin-in\"><\/i><\/a><\/div>\n<\/div>\n<\/div>\n<\/div><\/div>\n","protected":false},"excerpt":{"rendered":"","protected":false},"author":1,"featured_media":0,"parent":0,"menu_order":0,"comment_status":"closed","ping_status":"closed","template":"page-templates\/template-pagebuilder-full-width.php","meta":{"om_disable_all_campaigns":false,"_monsterinsights_skip_tracking":false,"_monsterinsights_sitenote_active":false,"_monsterinsights_sitenote_note":"","_monsterinsights_sitenote_category":0,"neve_meta_sidebar":"full-width","neve_meta_container":"","neve_meta_enable_content_width":"on","neve_meta_content_width":100,"neve_meta_title_alignment":"","neve_meta_author_avatar":"","neve_post_elements_order":"","neve_meta_disable_header":"","neve_meta_disable_footer":"","neve_meta_disable_title":"","_themeisle_gutenberg_block_has_review":false},"aioseo_notices":[],"_links":{"self":[{"href":"https:\/\/ramonlanus.com\/index.php\/wp-json\/wp\/v2\/pages\/148"}],"collection":[{"href":"https:\/\/ramonlanus.com\/index.php\/wp-json\/wp\/v2\/pages"}],"about":[{"href":"https:\/\/ramonlanus.com\/index.php\/wp-json\/wp\/v2\/types\/page"}],"author":[{"embeddable":true,"href":"https:\/\/ramonlanus.com\/index.php\/wp-json\/wp\/v2\/users\/1"}],"replies":[{"embeddable":true,"href":"https:\/\/ramonlanus.com\/index.php\/wp-json\/wp\/v2\/comments?post=148"}],"version-history":[{"count":19,"href":"https:\/\/ramonlanus.com\/index.php\/wp-json\/wp\/v2\/pages\/148\/revisions"}],"predecessor-version":[{"id":595,"href":"https:\/\/ramonlanus.com\/index.php\/wp-json\/wp\/v2\/pages\/148\/revisions\/595"}],"wp:attachment":[{"href":"https:\/\/ramonlanus.com\/index.php\/wp-json\/wp\/v2\/media?parent=148"}],"curies":[{"name":"wp","href":"https:\/\/api.w.org\/{rel}","templated":true}]}}