{"id":139,"date":"2020-03-26T00:46:04","date_gmt":"2020-03-26T00:46:04","guid":{"rendered":"https:\/\/demosites.io\/rokophoto-gb\/?page_id=139"},"modified":"2025-08-04T17:12:39","modified_gmt":"2025-08-04T20:12:39","slug":"98ee9-about","status":"publish","type":"page","link":"https:\/\/ramonlanus.com\/index.php\/98ee9-about\/","title":{"rendered":"quien soy"},"content":{"rendered":"\n<div id=\"wp-block-themeisle-blocks-advanced-columns-9ed733b5\" class=\"wp-block-themeisle-blocks-advanced-columns alignfull has-2-columns has-desktop-equal-layout has-tablet-equal-layout has-mobile-collapsedRows-layout has-vertical-unset has-light-bg\"><div class=\"wp-block-themeisle-blocks-advanced-columns-overlay\"><\/div><div class=\"innerblocks-wrap\">\n<div id=\"wp-block-themeisle-blocks-advanced-column-e2e4f7ae\" class=\"wp-block-themeisle-blocks-advanced-column\">\n<h2 class=\"wp-block-heading has-text-color\" style=\"color:#1f1f1f\">RAM\u00d3N LAN\u00daS<\/h2>\n\n\n\n<p>Desde diciembre 2023 soy Intendente de San Isidro donde miles me eligieron para junto a un gran equipo, cerremos un ciclo de m\u00e1s de 40 a\u00f1os que hab\u00eda paralizado al municipio.<\/p>\n\n\n\n<p>Tengo 46 a\u00f1os, estoy casado con Cecilia y tenemos 5 hijos: Jer\u00f3nimo, Juana, Jaime, Tom\u00e1s y Elena.<br>Me recib\u00ed de abogado en la Universidad Austral y obtuve una maestr\u00eda en Pol\u00edticas P\u00fablicas en la Universidad de Georgetown (Washington DC, Estados Unidos).<\/p>\n\n\n\n<p>Desde sus inicios formo parte del PRO, trabaj\u00e9 junto a Mauricio Macri y hoy me acompa\u00f1o a Patricia Bullrich en el rol de apoderado del partido en la Provincia de Buenos Aires.<\/p>\n\n\n\n<p>Hace 20 a\u00f1os, en la \u00e9poca del \u201cque se vayan todos\u201d, decid\u00ed quedarme y ser uno de los que iba a luchar para que nuestro pa\u00eds cambie. Todos los d\u00edas elijo involucrarme y trabajar desde San Isidro por la Argentina que sue\u00f1o. Trabajo incansablemente para terminar con todo aquello que no nos permite progresar y crecer: la inseguridad, los altos impuestos, mejorar el espacio p\u00fablico con obras bien hechas y sin parches, haciendo m\u00e1s pero gastando menos.<\/p>\n\n\n\n<p>Hay mucho por recorrer a\u00fan pero se que con m\u00e1s libertad, con decisi\u00f3n y con resultados, estamos logrando juntos enormes transformaciones. Gracias a todos y cada uno de nuestros vecinos por el apoyo y el enorme esfuerzo que hacen para que todos tengamos un San Isidro mejor cada d\u00eda. Lo estamos logrando porque tenemos un rumbo claro.<\/p>\n\n\n\n<p>Tenemos futuro. \u00a1Sigamos para adelante!<\/p>\n<\/div>\n\n\n\n<div id=\"wp-block-themeisle-blocks-advanced-column-9c1ad7b8\" class=\"wp-block-themeisle-blocks-advanced-column\">\n<figure class=\"wp-block-image size-large\"><img decoding=\"async\" loading=\"lazy\" width=\"819\" height=\"1024\" src=\"https:\/\/ramonlanus.com\/wp-content\/uploads\/2025\/08\/RL-PEC_5649-copy-4-5-819x1024.jpg\" alt=\"\" class=\"wp-image-567\" srcset=\"https:\/\/ramonlanus.com\/wp-content\/uploads\/2025\/08\/RL-PEC_5649-copy-4-5-819x1024.jpg 819w, https:\/\/ramonlanus.com\/wp-content\/uploads\/2025\/08\/RL-PEC_5649-copy-4-5-240x300.jpg 240w, https:\/\/ramonlanus.com\/wp-content\/uploads\/2025\/08\/RL-PEC_5649-copy-4-5-768x960.jpg 768w, https:\/\/ramonlanus.com\/wp-content\/uploads\/2025\/08\/RL-PEC_5649-copy-4-5-1229x1536.jpg 1229w, https:\/\/ramonlanus.com\/wp-content\/uploads\/2025\/08\/RL-PEC_5649-copy-4-5-1639x2048.jpg 1639w, https:\/\/ramonlanus.com\/wp-content\/uploads\/2025\/08\/RL-PEC_5649-copy-4-5-scaled.jpg 2048w\" sizes=\"(max-width: 819px) 100vw, 819px\" \/><\/figure>\n\n\n\n<p class=\"has-white-color has-text-color\"><\/p>\n<\/div>\n<\/div><\/div>\n\n\n\n<div id=\"wp-block-themeisle-blocks-advanced-columns-3df1d7d6\" class=\"wp-block-themeisle-blocks-advanced-columns has-1-columns has-desktop-equal-layout has-tablet-equal-layout has-mobile-equal-layout has-vertical-unset\"><div class=\"wp-block-themeisle-blocks-advanced-columns-overlay\"><\/div><div class=\"innerblocks-wrap\">\n<div id=\"wp-block-themeisle-blocks-advanced-column-13a3f727\" class=\"wp-block-themeisle-blocks-advanced-column has-dark-bg\">\n<div id=\"wp-block-themeisle-blocks-button-group-ccef0de6\" class=\"wp-block-themeisle-blocks-button-group wp-block-buttons align-center-desktop\">\n<div id=\"wp-block-themeisle-blocks-button-6cb2bc6d\" class=\"wp-block-themeisle-blocks-button wp-block-button\"><a href=\"https:\/\/www.instagram.com\/ramonlanus\/\" target=\"_blank\" rel=\"noopener noreferrer\" class=\"wp-block-button__link\"><i class=\"fab fa-fw fa-instagram\"><\/i><\/a><\/div>\n\n\n\n<div id=\"wp-block-themeisle-blocks-button-d4eba337\" class=\"wp-block-themeisle-blocks-button wp-block-button\"><a href=\"https:\/\/www.facebook.com\/LanusRamon\/\" target=\"_blank\" rel=\"noopener noreferrer\" class=\"wp-block-button__link\"><i class=\"fab fa-fw fa-facebook-f\"><\/i><\/a><\/div>\n\n\n\n<div id=\"wp-block-themeisle-blocks-button-790f2d77\" class=\"wp-block-themeisle-blocks-button wp-block-button\"><a href=\"https:\/\/twitter.com\/RamonLanus\" target=\"_blank\" rel=\"noopener noreferrer\" class=\"wp-block-button__link\"><i class=\"fab fa-fw fa-twitter\"><\/i><\/a><\/div>\n\n\n\n<div id=\"wp-block-themeisle-blocks-button-c7517d6b\" class=\"wp-block-themeisle-blocks-button wp-block-button\"><a href=\"https:\/\/www.linkedin.com\/in\/ramonlanus\/\" target=\"_blank\" rel=\"noopener noreferrer\" class=\"wp-block-button__link\"><i class=\"fab fa-fw fa-linkedin-in\"><\/i><\/a><\/div>\n<\/div>\n<\/div>\n<\/div><\/div>\n","protected":false},"excerpt":{"rendered":"","protected":false},"author":1,"featured_media":0,"parent":0,"menu_order":0,"comment_status":"closed","ping_status":"closed","template":"page-templates\/template-pagebuilder-full-width.php","meta":{"om_disable_all_campaigns":false,"_monsterinsights_skip_tracking":false,"_monsterinsights_sitenote_active":false,"_monsterinsights_sitenote_note":"","_monsterinsights_sitenote_category":0,"neve_meta_sidebar":"full-width","neve_meta_container":"contained","neve_meta_enable_content_width":"on","neve_meta_content_width":100,"neve_meta_title_alignment":"","neve_meta_author_avatar":"","neve_post_elements_order":"","neve_meta_disable_header":"","neve_meta_disable_footer":"","neve_meta_disable_title":"","_themeisle_gutenberg_block_has_review":false},"aioseo_notices":[],"_links":{"self":[{"href":"https:\/\/ramonlanus.com\/index.php\/wp-json\/wp\/v2\/pages\/139"}],"collection":[{"href":"https:\/\/ramonlanus.com\/index.php\/wp-json\/wp\/v2\/pages"}],"about":[{"href":"https:\/\/ramonlanus.com\/index.php\/wp-json\/wp\/v2\/types\/page"}],"author":[{"embeddable":true,"href":"https:\/\/ramonlanus.com\/index.php\/wp-json\/wp\/v2\/users\/1"}],"replies":[{"embeddable":true,"href":"https:\/\/ramonlanus.com\/index.php\/wp-json\/wp\/v2\/comments?post=139"}],"version-history":[{"count":12,"href":"https:\/\/ramonlanus.com\/index.php\/wp-json\/wp\/v2\/pages\/139\/revisions"}],"predecessor-version":[{"id":569,"href":"https:\/\/ramonlanus.com\/index.php\/wp-json\/wp\/v2\/pages\/139\/revisions\/569"}],"wp:attachment":[{"href":"https:\/\/ramonlanus.com\/index.php\/wp-json\/wp\/v2\/media?parent=139"}],"curies":[{"name":"wp","href":"https:\/\/api.w.org\/{rel}","templated":true}]}}